{"id":324,"date":"2026-02-12T01:23:14","date_gmt":"2026-02-12T00:23:14","guid":{"rendered":"https:\/\/www.bonheurdescoeurs.com\/?page_id=324"},"modified":"2026-03-19T13:08:22","modified_gmt":"2026-03-19T12:08:22","slug":"mission","status":"publish","type":"page","link":"https:\/\/www.bonheurdescoeurs.com\/?page_id=324","title":{"rendered":"mission"},"content":{"rendered":"\t\t<div data-elementor-type=\"wp-page\" data-elementor-id=\"324\" class=\"elementor elementor-324\">\n\t\t\t\t<div class=\"elementor-element elementor-element-ee491b4 e-con-full e-flex wpr-particle-no wpr-jarallax-no wpr-parallax-no wpr-sticky-section-no e-con e-parent\" data-id=\"ee491b4\" data-element_type=\"container\" data-settings=\"{&quot;background_background&quot;:&quot;gradient&quot;}\">\n\t\t\t\t<div class=\"elementor-element elementor-element-43c463c elementor-widget elementor-widget-hfe-breadcrumbs-widget\" data-id=\"43c463c\" data-element_type=\"widget\" data-widget_type=\"hfe-breadcrumbs-widget.default\">\n\t\t\t\t<div class=\"elementor-widget-container\">\n\t\t\t\t\t<nav aria-label=\"Breadcrumb\"><ul class=\"hfe-breadcrumbs hfe-breadcrumbs-show-home\"><li class=\"hfe-breadcrumbs-item hfe-breadcrumbs-first\"><span class=\"hfe-breadcrumbs-home-icon\"><svg aria-hidden=\"true\" class=\"e-font-icon-svg e-fas-home\" viewBox=\"0 0 576 512\" xmlns=\"http:\/\/www.w3.org\/2000\/svg\"><path d=\"M280.37 148.26L96 300.11V464a16 16 0 0 0 16 16l112.06-.29a16 16 0 0 0 15.92-16V368a16 16 0 0 1 16-16h64a16 16 0 0 1 16 16v95.64a16 16 0 0 0 16 16.05L464 480a16 16 0 0 0 16-16V300L295.67 148.26a12.19 12.19 0 0 0-15.3 0zM571.6 251.47L488 182.56V44.05a12 12 0 0 0-12-12h-56a12 12 0 0 0-12 12v72.61L318.47 43a48 48 0 0 0-61 0L4.34 251.47a12 12 0 0 0-1.6 16.9l25.5 31A12 12 0 0 0 45.15 301l235.22-193.74a12.19 12.19 0 0 1 15.3 0L530.9 301a12 12 0 0 0 16.9-1.6l25.5-31a12 12 0 0 0-1.7-16.93z\"><\/path><\/svg><\/span><a href=\"https:\/\/www.bonheurdescoeurs.com\"><span class=\"hfe-breadcrumbs-text\">Accueil<\/span><\/a><\/li><\/ul><\/nav>\t\t\t\t<\/div>\n\t\t\t\t<\/div>\n\t\t\t\t<\/div>\n\t\t<div class=\"elementor-element elementor-element-7452cf9 e-con-full e-flex wpr-particle-no wpr-jarallax-no wpr-parallax-no wpr-sticky-section-no e-con e-parent\" data-id=\"7452cf9\" data-element_type=\"container\">\n\t\t<div class=\"elementor-element elementor-element-05eb370 e-con-full e-flex wpr-particle-no wpr-jarallax-no wpr-parallax-no wpr-sticky-section-no e-con e-child\" data-id=\"05eb370\" data-element_type=\"container\">\n\t\t<div class=\"elementor-element elementor-element-7ae0439 e-con-full e-flex wpr-particle-no wpr-jarallax-no wpr-parallax-no wpr-sticky-section-no e-con e-child\" data-id=\"7ae0439\" data-element_type=\"container\" data-settings=\"{&quot;background_background&quot;:&quot;gradient&quot;}\">\n\t\t<div class=\"elementor-element elementor-element-6cf0a5a e-con-full e-flex wpr-particle-no wpr-jarallax-no wpr-parallax-no wpr-sticky-section-no e-con e-child\" data-id=\"6cf0a5a\" data-element_type=\"container\">\n\t\t\t\t<div class=\"elementor-element elementor-element-4891041 elementor-invisible elementor-widget elementor-widget-image\" data-id=\"4891041\" data-element_type=\"widget\" data-settings=\"{&quot;_animation&quot;:&quot;fadeInUp&quot;}\" data-widget_type=\"image.default\">\n\t\t\t\t\t\t\t\t\t\t\t\t\t\t\t<img fetchpriority=\"high\" decoding=\"async\" width=\"720\" height=\"480\" src=\"https:\/\/www.bonheurdescoeurs.com\/wp-content\/uploads\/2026\/03\/fdfd.jpeg\" class=\"attachment-large size-large wp-image-821\" alt=\"\" srcset=\"https:\/\/www.bonheurdescoeurs.com\/wp-content\/uploads\/2026\/03\/fdfd.jpeg 720w, https:\/\/www.bonheurdescoeurs.com\/wp-content\/uploads\/2026\/03\/fdfd-300x200.jpeg 300w, https:\/\/www.bonheurdescoeurs.com\/wp-content\/uploads\/2026\/03\/fdfd-600x400.jpeg 600w\" sizes=\"(max-width: 720px) 100vw, 720px\" \/>\t\t\t\t\t\t\t\t\t\t\t\t\t\t\t<\/div>\n\t\t\t\t<\/div>\n\t\t<div class=\"elementor-element elementor-element-3d4be6e e-con-full e-flex wpr-particle-no wpr-jarallax-no wpr-parallax-no wpr-sticky-section-no e-con e-child\" data-id=\"3d4be6e\" data-element_type=\"container\">\n\t\t\t\t<div class=\"elementor-element elementor-element-8b08b41 elementor-invisible elementor-widget elementor-widget-text-editor\" data-id=\"8b08b41\" data-element_type=\"widget\" data-settings=\"{&quot;_animation&quot;:&quot;fadeInUp&quot;}\" data-widget_type=\"text-editor.default\">\n\t\t\t\t\t\t\t\t\t<p data-start=\"89\" data-end=\"312\">La mission de l\u2019ONG BONHEUR DES C\u0152URS (B.D.C) est d\u2019apporter une assistance concr\u00e8te et durable aux populations vuln\u00e9rables, en particulier aux enfants, aux personnes en situation de handicap, aux veuves et aux orphelins.<\/p>\n<p data-start=\"314\" data-end=\"511\">\u00c0 travers ses actions, l\u2019organisation s\u2019engage \u00e0 fournir un soutien financier, mat\u00e9riel, moral et \u00e9ducatif afin d\u2019am\u00e9liorer les conditions de vie des b\u00e9n\u00e9ficiaires et de favoriser leur autonomie.<\/p>\n<p data-start=\"513\" data-end=\"743\">BONHEUR DES C\u0152URS \u0153uvre \u00e9galement pour l\u2019inclusion sociale et l\u2019acc\u00e8s aux opportunit\u00e9s, en mettant l\u2019accent sur l\u2019\u00e9ducation, l\u2019accompagnement et la solidarit\u00e9, dans le but de construire un avenir plus juste et \u00e9quitable pour tous.<\/p>\t\t\t\t\t\t\t\t<\/div>\n\t\t\t\t<div class=\"elementor-element elementor-element-a658dca elementor-align-center elementor-invisible elementor-widget elementor-widget-button\" data-id=\"a658dca\" data-element_type=\"widget\" data-settings=\"{&quot;_animation&quot;:&quot;fadeInUp&quot;}\" data-widget_type=\"button.default\">\n\t\t\t\t\t\t\t\t\t\t<a class=\"elementor-button elementor-size-sm\" role=\"button\">\n\t\t\t\t\t\t<span class=\"elementor-button-content-wrapper\">\n\t\t\t\t\t\t\t\t\t<span class=\"elementor-button-text\">Nous rejoindre<\/span>\n\t\t\t\t\t<\/span>\n\t\t\t\t\t<\/a>\n\t\t\t\t\t\t\t\t<\/div>\n\t\t\t\t<\/div>\n\t\t\t\t<\/div>\n\t\t\t\t<\/div>\n\t\t\t\t<\/div>\n\t\t\t\t<\/div>\n\t\t","protected":false},"excerpt":{"rendered":"<p>Accueil La mission de l\u2019ONG BONHEUR DES C\u0152URS (B.D.C) est d\u2019apporter une assistance concr\u00e8te et durable aux populations vuln\u00e9rables, en particulier aux enfants, aux personnes en situation de handicap, aux veuves et aux orphelins. \u00c0 travers ses actions, l\u2019organisation s\u2019engage \u00e0 fournir un soutien financier, mat\u00e9riel, moral et \u00e9ducatif afin d\u2019am\u00e9liorer les conditions de vie des b\u00e9n\u00e9ficiaires et de favoriser leur autonomie. BONHEUR DES C\u0152URS \u0153uvre \u00e9galement pour l\u2019inclusion sociale et l\u2019acc\u00e8s aux opportunit\u00e9s, en mettant l\u2019accent sur l\u2019\u00e9ducation, l\u2019accompagnement et la solidarit\u00e9, dans le but de construire un avenir plus juste et \u00e9quitable pour tous. Nous rejoindre<\/p>\n","protected":false},"author":1,"featured_media":0,"parent":0,"menu_order":0,"comment_status":"closed","ping_status":"closed","template":"","meta":{"site-sidebar-layout":"no-sidebar","site-content-layout":"","ast-site-content-layout":"full-width-container","site-content-style":"default","site-sidebar-style":"default","ast-global-header-display":"","ast-banner-title-visibility":"","ast-main-header-display":"","ast-hfb-above-header-display":"","ast-hfb-below-header-display":"","ast-hfb-mobile-header-display":"","site-post-title":"","ast-breadcrumbs-content":"","ast-featured-img":"disabled","footer-sml-layout":"","ast-disable-related-posts":"","theme-transparent-header-meta":"","adv-header-id-meta":"","stick-header-meta":"","header-above-stick-meta":"","header-main-stick-meta":"","header-below-stick-meta":"","astra-migrate-meta-layouts":"default","ast-page-background-enabled":"default","ast-page-background-meta":{"desktop":{"background-color":"var(--ast-global-color-5)","background-image":"","background-repeat":"repeat","background-position":"center center","background-size":"auto","background-attachment":"scroll","background-type":"","background-media":"","overlay-type":"","overlay-color":"","overlay-opacity":"","overlay-gradient":""},"tablet":{"background-color":"","background-image":"","background-repeat":"repeat","background-position":"center center","background-size":"auto","background-attachment":"scroll","background-type":"","background-media":"","overlay-type":"","overlay-color":"","overlay-opacity":"","overlay-gradient":""},"mobile":{"background-color":"","background-image":"","background-repeat":"repeat","background-position":"center center","background-size":"auto","background-attachment":"scroll","background-type":"","background-media":"","overlay-type":"","overlay-color":"","overlay-opacity":"","overlay-gradient":""}},"ast-content-background-meta":{"desktop":{"background-color":"var(--ast-global-color-4)","background-image":"","background-repeat":"repeat","background-position":"center center","background-size":"auto","background-attachment":"scroll","background-type":"","background-media":"","overlay-type":"","overlay-color":"","overlay-opacity":"","overlay-gradient":""},"tablet":{"background-color":"var(--ast-global-color-4)","background-image":"","background-repeat":"repeat","background-position":"center center","background-size":"auto","background-attachment":"scroll","background-type":"","background-media":"","overlay-type":"","overlay-color":"","overlay-opacity":"","overlay-gradient":""},"mobile":{"background-color":"var(--ast-global-color-4)","background-image":"","background-repeat":"repeat","background-position":"center center","background-size":"auto","background-attachment":"scroll","background-type":"","background-media":"","overlay-type":"","overlay-color":"","overlay-opacity":"","overlay-gradient":""}},"footnotes":""},"class_list":["post-324","page","type-page","status-publish","hentry"],"_links":{"self":[{"href":"https:\/\/www.bonheurdescoeurs.com\/index.php?rest_route=\/wp\/v2\/pages\/324","targetHints":{"allow":["GET"]}}],"collection":[{"href":"https:\/\/www.bonheurdescoeurs.com\/index.php?rest_route=\/wp\/v2\/pages"}],"about":[{"href":"https:\/\/www.bonheurdescoeurs.com\/index.php?rest_route=\/wp\/v2\/types\/page"}],"author":[{"embeddable":true,"href":"https:\/\/www.bonheurdescoeurs.com\/index.php?rest_route=\/wp\/v2\/users\/1"}],"replies":[{"embeddable":true,"href":"https:\/\/www.bonheurdescoeurs.com\/index.php?rest_route=%2Fwp%2Fv2%2Fcomments&post=324"}],"version-history":[{"count":25,"href":"https:\/\/www.bonheurdescoeurs.com\/index.php?rest_route=\/wp\/v2\/pages\/324\/revisions"}],"predecessor-version":[{"id":941,"href":"https:\/\/www.bonheurdescoeurs.com\/index.php?rest_route=\/wp\/v2\/pages\/324\/revisions\/941"}],"wp:attachment":[{"href":"https:\/\/www.bonheurdescoeurs.com\/index.php?rest_route=%2Fwp%2Fv2%2Fmedia&parent=324"}],"curies":[{"name":"wp","href":"https:\/\/api.w.org\/{rel}","templated":true}]}}