{"id":26,"date":"2026-01-09T15:30:42","date_gmt":"2026-01-09T14:30:42","guid":{"rendered":"https:\/\/www.bonheurdescoeurs.com\/?page_id=26"},"modified":"2026-03-25T19:19:02","modified_gmt":"2026-03-25T18:19:02","slug":"a-propos","status":"publish","type":"page","link":"https:\/\/www.bonheurdescoeurs.com\/?page_id=26","title":{"rendered":"A propos"},"content":{"rendered":"\t\t<div data-elementor-type=\"wp-page\" data-elementor-id=\"26\" class=\"elementor elementor-26\">\n\t\t\t\t<div class=\"elementor-element elementor-element-0584970 e-con-full e-flex wpr-particle-no wpr-jarallax-no wpr-parallax-no wpr-sticky-section-no e-con e-parent\" data-id=\"0584970\" data-element_type=\"container\" data-settings=\"{&quot;background_background&quot;:&quot;gradient&quot;}\">\n\t\t\t\t<div class=\"elementor-element elementor-element-bfb6b21 elementor-widget elementor-widget-hfe-breadcrumbs-widget\" data-id=\"bfb6b21\" data-element_type=\"widget\" data-widget_type=\"hfe-breadcrumbs-widget.default\">\n\t\t\t\t<div class=\"elementor-widget-container\">\n\t\t\t\t\t<nav aria-label=\"Breadcrumb\"><ul class=\"hfe-breadcrumbs hfe-breadcrumbs-show-home\"><li class=\"hfe-breadcrumbs-item hfe-breadcrumbs-first\"><span class=\"hfe-breadcrumbs-home-icon\"><svg aria-hidden=\"true\" class=\"e-font-icon-svg e-fas-home\" viewBox=\"0 0 576 512\" xmlns=\"http:\/\/www.w3.org\/2000\/svg\"><path d=\"M280.37 148.26L96 300.11V464a16 16 0 0 0 16 16l112.06-.29a16 16 0 0 0 15.92-16V368a16 16 0 0 1 16-16h64a16 16 0 0 1 16 16v95.64a16 16 0 0 0 16 16.05L464 480a16 16 0 0 0 16-16V300L295.67 148.26a12.19 12.19 0 0 0-15.3 0zM571.6 251.47L488 182.56V44.05a12 12 0 0 0-12-12h-56a12 12 0 0 0-12 12v72.61L318.47 43a48 48 0 0 0-61 0L4.34 251.47a12 12 0 0 0-1.6 16.9l25.5 31A12 12 0 0 0 45.15 301l235.22-193.74a12.19 12.19 0 0 1 15.3 0L530.9 301a12 12 0 0 0 16.9-1.6l25.5-31a12 12 0 0 0-1.7-16.93z\"><\/path><\/svg><\/span><a href=\"https:\/\/www.bonheurdescoeurs.com\"><span class=\"hfe-breadcrumbs-text\">Accueil<\/span><\/a><\/li><\/ul><\/nav>\t\t\t\t<\/div>\n\t\t\t\t<\/div>\n\t\t\t\t<\/div>\n\t\t<div class=\"elementor-element elementor-element-5c3ba5c4 e-con-full e-flex wpr-particle-no wpr-jarallax-no wpr-parallax-no wpr-sticky-section-no e-con e-parent\" data-id=\"5c3ba5c4\" data-element_type=\"container\" data-settings=\"{&quot;background_background&quot;:&quot;gradient&quot;}\">\n\t\t<div class=\"elementor-element elementor-element-76b89c15 e-con-full e-flex wpr-particle-no wpr-jarallax-no wpr-parallax-no wpr-sticky-section-no e-con e-child\" data-id=\"76b89c15\" data-element_type=\"container\">\n\t\t\t\t<div class=\"elementor-element elementor-element-48bcb467 elementor-widget elementor-widget-image\" data-id=\"48bcb467\" data-element_type=\"widget\" data-widget_type=\"image.default\">\n\t\t\t\t\t\t\t\t\t\t\t\t\t\t\t<img fetchpriority=\"high\" decoding=\"async\" width=\"768\" height=\"1024\" src=\"https:\/\/www.bonheurdescoeurs.com\/wp-content\/uploads\/2026\/03\/ttteer-768x1024.jpeg\" class=\"attachment-large size-large wp-image-825\" alt=\"\" srcset=\"https:\/\/www.bonheurdescoeurs.com\/wp-content\/uploads\/2026\/03\/ttteer-768x1024.jpeg 768w, https:\/\/www.bonheurdescoeurs.com\/wp-content\/uploads\/2026\/03\/ttteer-225x300.jpeg 225w, https:\/\/www.bonheurdescoeurs.com\/wp-content\/uploads\/2026\/03\/ttteer-600x800.jpeg 600w, https:\/\/www.bonheurdescoeurs.com\/wp-content\/uploads\/2026\/03\/ttteer.jpeg 960w\" sizes=\"(max-width: 768px) 100vw, 768px\" \/>\t\t\t\t\t\t\t\t\t\t\t\t\t\t\t<\/div>\n\t\t\t\t<div class=\"elementor-element elementor-element-6723136 elementor-arrows-position-inside elementor-pagination-position-outside elementor-widget elementor-widget-image-carousel\" data-id=\"6723136\" data-element_type=\"widget\" data-settings=\"{&quot;navigation&quot;:&quot;both&quot;,&quot;autoplay&quot;:&quot;yes&quot;,&quot;pause_on_hover&quot;:&quot;yes&quot;,&quot;pause_on_interaction&quot;:&quot;yes&quot;,&quot;autoplay_speed&quot;:5000,&quot;infinite&quot;:&quot;yes&quot;,&quot;speed&quot;:500}\" data-widget_type=\"image-carousel.default\">\n\t\t\t\t\t\t\t<div class=\"elementor-image-carousel-wrapper swiper\" role=\"region\" aria-roledescription=\"carousel\" aria-label=\"Carrousel d\u2019images\" dir=\"ltr\">\n\t\t\t<div class=\"elementor-image-carousel swiper-wrapper\" aria-live=\"off\">\n\t\t\t\t\t\t\t\t<div class=\"swiper-slide\" role=\"group\" aria-roledescription=\"slide\" aria-label=\"1 sur 3\"><figure class=\"swiper-slide-inner\"><img decoding=\"async\" class=\"swiper-slide-image\" src=\"https:\/\/www.bonheurdescoeurs.com\/wp-content\/uploads\/2026\/03\/ert-150x150.jpeg\" alt=\"ert\" \/><\/figure><\/div><div class=\"swiper-slide\" role=\"group\" aria-roledescription=\"slide\" aria-label=\"2 sur 3\"><figure class=\"swiper-slide-inner\"><img decoding=\"async\" class=\"swiper-slide-image\" src=\"https:\/\/www.bonheurdescoeurs.com\/wp-content\/uploads\/2026\/03\/opp-150x150.jpeg\" alt=\"opp\" \/><\/figure><\/div><div class=\"swiper-slide\" role=\"group\" aria-roledescription=\"slide\" aria-label=\"3 sur 3\"><figure class=\"swiper-slide-inner\"><img decoding=\"async\" class=\"swiper-slide-image\" src=\"https:\/\/www.bonheurdescoeurs.com\/wp-content\/uploads\/2026\/03\/fdfd-150x150.jpeg\" alt=\"fdfd\" \/><\/figure><\/div>\t\t\t<\/div>\n\t\t\t\t\t\t\t\t\t\t\t\t<div class=\"elementor-swiper-button elementor-swiper-button-prev\" role=\"button\" tabindex=\"0\">\n\t\t\t\t\t\t<svg aria-hidden=\"true\" class=\"e-font-icon-svg e-eicon-chevron-left\" viewBox=\"0 0 1000 1000\" xmlns=\"http:\/\/www.w3.org\/2000\/svg\"><path d=\"M646 125C629 125 613 133 604 142L308 442C296 454 292 471 292 487 292 504 296 521 308 533L604 854C617 867 629 875 646 875 663 875 679 871 692 858 704 846 713 829 713 812 713 796 708 779 692 767L438 487 692 225C700 217 708 204 708 187 708 171 704 154 692 142 675 129 663 125 646 125Z\"><\/path><\/svg>\t\t\t\t\t<\/div>\n\t\t\t\t\t<div class=\"elementor-swiper-button elementor-swiper-button-next\" role=\"button\" tabindex=\"0\">\n\t\t\t\t\t\t<svg aria-hidden=\"true\" class=\"e-font-icon-svg e-eicon-chevron-right\" viewBox=\"0 0 1000 1000\" xmlns=\"http:\/\/www.w3.org\/2000\/svg\"><path d=\"M696 533C708 521 713 504 713 487 713 471 708 454 696 446L400 146C388 133 375 125 354 125 338 125 325 129 313 142 300 154 292 171 292 187 292 204 296 221 308 233L563 492 304 771C292 783 288 800 288 817 288 833 296 850 308 863 321 871 338 875 354 875 371 875 388 867 400 854L696 533Z\"><\/path><\/svg>\t\t\t\t\t<\/div>\n\t\t\t\t\n\t\t\t\t\t\t\t\t\t<div class=\"swiper-pagination\"><\/div>\n\t\t\t\t\t\t\t\t\t<\/div>\n\t\t\t\t\t\t<\/div>\n\t\t\t\t<\/div>\n\t\t<div class=\"elementor-element elementor-element-546a3de3 e-con-full e-flex wpr-particle-no wpr-jarallax-no wpr-parallax-no wpr-sticky-section-no e-con e-child\" data-id=\"546a3de3\" data-element_type=\"container\">\n\t\t\t\t<div class=\"elementor-element elementor-element-7865762b elementor-widget elementor-widget-heading\" data-id=\"7865762b\" data-element_type=\"widget\" data-widget_type=\"heading.default\">\n\t\t\t\t\t<h2 class=\"elementor-heading-title elementor-size-default\">La gen\u00e8se de B.D.C<\/h2>\t\t\t\t<\/div>\n\t\t\t\t<div class=\"elementor-element elementor-element-4136ed7d elementor-widget elementor-widget-text-editor\" data-id=\"4136ed7d\" data-element_type=\"widget\" data-widget_type=\"text-editor.default\">\n\t\t\t\t\t\t\t\t\t<p data-start=\"142\" data-end=\"537\">L\u2019ONG BONHEUR DES C\u0152URS (B.D.C) est n\u00e9e d\u2019une volont\u00e9 profonde de r\u00e9pondre aux r\u00e9alit\u00e9s difficiles v\u00e9cues par de nombreuses personnes vuln\u00e9rables en C\u00f4te d\u2019Ivoire. Face \u00e0 la pr\u00e9carit\u00e9 touchant particuli\u00e8rement les enfants, les personnes en situation de handicap, les veuves et les orphelins, son fondateur, Monsieur ZACHARIE KOFFI, a d\u00e9cid\u00e9 de s\u2019engager concr\u00e8tement dans l\u2019action humanitaire.<\/p><p data-start=\"539\" data-end=\"898\">Anim\u00e9e par des valeurs de solidarit\u00e9, de compassion et de justice sociale, l\u2019organisation a vu le jour avec l\u2019ambition de redonner espoir et dignit\u00e9 \u00e0 ceux qui en ont le plus besoin. D\u00e8s ses d\u00e9buts, BONHEUR DES C\u0152URS s\u2019est engag\u00e9e \u00e0 poser des actions concr\u00e8tes \u00e0 travers l\u2019assistance sociale, le soutien \u00e9ducatif et l\u2019accompagnement moral des b\u00e9n\u00e9ficiaires.<\/p><p data-start=\"900\" data-end=\"1296\">Au fil du temps, l\u2019ONG s\u2019est structur\u00e9e autour d\u2019une vision claire : b\u00e2tir une soci\u00e9t\u00e9 plus inclusive et \u00e9quitable, o\u00f9 chaque individu, quelles que soient ses conditions, peut acc\u00e9der \u00e0 des opportunit\u00e9s de d\u00e9veloppement et vivre dignement. Aujourd\u2019hui, BONHEUR DES C\u0152URS poursuit son engagement avec d\u00e9termination, en multipliant les actions sur le terrain au service des populations vuln\u00e9rables.<\/p>\t\t\t\t\t\t\t\t<\/div>\n\t\t\t\t<div class=\"elementor-element elementor-element-352f737 elementor-align-center elementor-widget elementor-widget-button\" data-id=\"352f737\" data-element_type=\"widget\" data-widget_type=\"button.default\">\n\t\t\t\t\t\t\t\t\t\t<a class=\"elementor-button elementor-button-link elementor-size-sm\" href=\"https:\/\/www.bonheurdescoeurs.com\/?page_id=654\">\n\t\t\t\t\t\t<span class=\"elementor-button-content-wrapper\">\n\t\t\t\t\t\t\t\t\t<span class=\"elementor-button-text\">Nous \u00e9crire<\/span>\n\t\t\t\t\t<\/span>\n\t\t\t\t\t<\/a>\n\t\t\t\t\t\t\t\t<\/div>\n\t\t\t\t<\/div>\n\t\t\t\t<\/div>\n\t\t<div class=\"elementor-element elementor-element-c3e8f60 e-con-full e-flex wpr-particle-no wpr-jarallax-no wpr-parallax-no wpr-sticky-section-no e-con e-parent\" data-id=\"c3e8f60\" data-element_type=\"container\" data-settings=\"{&quot;background_background&quot;:&quot;gradient&quot;}\">\n\t\t<div class=\"elementor-element elementor-element-ca99342 e-con-full e-flex wpr-particle-no wpr-jarallax-no wpr-parallax-no wpr-sticky-section-no e-con e-child\" data-id=\"ca99342\" data-element_type=\"container\">\n\t\t<div class=\"elementor-element elementor-element-26a50e7 e-con-full e-flex wpr-particle-no wpr-jarallax-no wpr-parallax-no wpr-sticky-section-no e-con e-child\" data-id=\"26a50e7\" data-element_type=\"container\">\n\t\t\t\t<div class=\"elementor-element elementor-element-68c6061 elementor-widget elementor-widget-image\" data-id=\"68c6061\" data-element_type=\"widget\" data-widget_type=\"image.default\">\n\t\t\t\t\t\t\t\t\t\t\t\t\t\t\t<img decoding=\"async\" width=\"1024\" height=\"576\" src=\"https:\/\/www.bonheurdescoeurs.com\/wp-content\/uploads\/2026\/03\/ert-1024x576.jpeg\" class=\"attachment-large size-large wp-image-820\" alt=\"\" srcset=\"https:\/\/www.bonheurdescoeurs.com\/wp-content\/uploads\/2026\/03\/ert-1024x576.jpeg 1024w, https:\/\/www.bonheurdescoeurs.com\/wp-content\/uploads\/2026\/03\/ert-300x169.jpeg 300w, https:\/\/www.bonheurdescoeurs.com\/wp-content\/uploads\/2026\/03\/ert-768x432.jpeg 768w, https:\/\/www.bonheurdescoeurs.com\/wp-content\/uploads\/2026\/03\/ert-600x338.jpeg 600w, https:\/\/www.bonheurdescoeurs.com\/wp-content\/uploads\/2026\/03\/ert.jpeg 1280w\" sizes=\"(max-width: 1024px) 100vw, 1024px\" \/>\t\t\t\t\t\t\t\t\t\t\t\t\t\t\t<\/div>\n\t\t\t\t<div class=\"elementor-element elementor-element-d6d26a3 elementor-widget elementor-widget-heading\" data-id=\"d6d26a3\" data-element_type=\"widget\" data-widget_type=\"heading.default\">\n\t\t\t\t\t<h2 class=\"elementor-heading-title elementor-size-default\">Le Pr\u00e9sident Fondateur<\/h2>\t\t\t\t<\/div>\n\t\t\t\t<div class=\"elementor-element elementor-element-8eadc74 elementor-widget elementor-widget-heading\" data-id=\"8eadc74\" data-element_type=\"widget\" data-widget_type=\"heading.default\">\n\t\t\t\t\t<h3 class=\"elementor-heading-title elementor-size-default\"> KOFFI GBASS\u00c9  ZACHARIE<\/h3>\t\t\t\t<\/div>\n\t\t\t\t<div class=\"elementor-element elementor-element-beca058 elementor-widget elementor-widget-heading\" data-id=\"beca058\" data-element_type=\"widget\" data-widget_type=\"heading.default\">\n\t\t\t\t\t<h3 class=\"elementor-heading-title elementor-size-default\">Membre Officiel d\u2019Amnesty International Abidjan C\u00f4te d'Ivoire.<\/h3>\t\t\t\t<\/div>\n\t\t\t\t<\/div>\n\t\t\t\t<\/div>\n\t\t<div class=\"elementor-element elementor-element-dfbc7be e-con-full e-flex wpr-particle-no wpr-jarallax-no wpr-parallax-no wpr-sticky-section-no e-con e-child\" data-id=\"dfbc7be\" data-element_type=\"container\">\n\t\t\t\t<div class=\"elementor-element elementor-element-ba8698f elementor-widget elementor-widget-heading\" data-id=\"ba8698f\" data-element_type=\"widget\" data-widget_type=\"heading.default\">\n\t\t\t\t\t<h2 class=\"elementor-heading-title elementor-size-default\">IDENTIT\u00c9 DE L'ORGANISATION <\/h2>\t\t\t\t<\/div>\n\t\t\t\t<div class=\"elementor-element elementor-element-a2fdc24 elementor-widget elementor-widget-text-editor\" data-id=\"a2fdc24\" data-element_type=\"widget\" data-widget_type=\"text-editor.default\">\n\t\t\t\t\t\t\t\t\t<p>Nom : BONHEUR DES C\u0152URS (B.D.C.).<br \/>Statut : Organisation Non Gouvernementale (ONG) \u00e0 but non lucratif.<br \/>Si\u00e8ge : Abobo-Doum\u00e9, J\u00e9rusalem (Derri\u00e8re la Mosqu\u00e9e blanche).<br \/>Bo\u00eete Postale : 05 BP 543 Abidjan 05.<br \/>Slogan : La main sur le c\u0153ur, l\u2019action sur le terrain.<\/p>\t\t\t\t\t\t\t\t<\/div>\n\t\t\t\t<\/div>\n\t\t\t\t<\/div>\n\t\t\t\t<\/div>\n\t\t","protected":false},"excerpt":{"rendered":"<p>Accueil La gen\u00e8se de B.D.C L\u2019ONG BONHEUR DES C\u0152URS (B.D.C) est n\u00e9e d\u2019une volont\u00e9 profonde de r\u00e9pondre aux r\u00e9alit\u00e9s difficiles v\u00e9cues par de nombreuses personnes vuln\u00e9rables en C\u00f4te d\u2019Ivoire. Face \u00e0 la pr\u00e9carit\u00e9 touchant particuli\u00e8rement les enfants, les personnes en situation de handicap, les veuves et les orphelins, son fondateur, Monsieur ZACHARIE KOFFI, a d\u00e9cid\u00e9 de s\u2019engager concr\u00e8tement dans l\u2019action humanitaire. Anim\u00e9e par des valeurs de solidarit\u00e9, de compassion et de justice sociale, l\u2019organisation a vu le jour avec l\u2019ambition de redonner espoir et dignit\u00e9 \u00e0 ceux qui en ont le plus besoin. D\u00e8s ses d\u00e9buts, BONHEUR DES C\u0152URS s\u2019est engag\u00e9e \u00e0 poser des actions concr\u00e8tes \u00e0 travers l\u2019assistance sociale, le soutien \u00e9ducatif et l\u2019accompagnement moral des b\u00e9n\u00e9ficiaires. Au fil du temps, l\u2019ONG s\u2019est structur\u00e9e autour d\u2019une vision claire : b\u00e2tir une soci\u00e9t\u00e9 plus inclusive et \u00e9quitable, o\u00f9 chaque individu, quelles que soient ses conditions, peut acc\u00e9der \u00e0 des opportunit\u00e9s de d\u00e9veloppement et vivre dignement. Aujourd\u2019hui, BONHEUR DES C\u0152URS poursuit son engagement avec d\u00e9termination, en multipliant les actions sur le terrain au service des populations vuln\u00e9rables. Nous \u00e9crire Le Pr\u00e9sident Fondateur KOFFI GBASS\u00c9 ZACHARIE Membre Officiel d\u2019Amnesty International Abidjan C\u00f4te d&rsquo;Ivoire. IDENTIT\u00c9 DE L&rsquo;ORGANISATION Nom : BONHEUR DES C\u0152URS (B.D.C.).Statut : Organisation Non Gouvernementale (ONG) \u00e0 but non lucratif.Si\u00e8ge : Abobo-Doum\u00e9, J\u00e9rusalem (Derri\u00e8re la Mosqu\u00e9e blanche).Bo\u00eete Postale : 05 BP 543 Abidjan 05.Slogan : La main sur le c\u0153ur, l\u2019action sur le terrain.<\/p>\n","protected":false},"author":1,"featured_media":0,"parent":0,"menu_order":0,"comment_status":"closed","ping_status":"closed","template":"","meta":{"site-sidebar-layout":"no-sidebar","site-content-layout":"","ast-site-content-layout":"full-width-container","site-content-style":"default","site-sidebar-style":"default","ast-global-header-display":"","ast-banner-title-visibility":"","ast-main-header-display":"","ast-hfb-above-header-display":"","ast-hfb-below-header-display":"","ast-hfb-mobile-header-display":"","site-post-title":"","ast-breadcrumbs-content":"","ast-featured-img":"disabled","footer-sml-layout":"","ast-disable-related-posts":"","theme-transparent-header-meta":"","adv-header-id-meta":"","stick-header-meta":"","header-above-stick-meta":"","header-main-stick-meta":"","header-below-stick-meta":"","astra-migrate-meta-layouts":"default","ast-page-background-enabled":"default","ast-page-background-meta":{"desktop":{"background-color":"var(--ast-global-color-5)","background-image":"","background-repeat":"repeat","background-position":"center center","background-size":"auto","background-attachment":"scroll","background-type":"","background-media":"","overlay-type":"","overlay-color":"","overlay-opacity":"","overlay-gradient":""},"tablet":{"background-color":"","background-image":"","background-repeat":"repeat","background-position":"center center","background-size":"auto","background-attachment":"scroll","background-type":"","background-media":"","overlay-type":"","overlay-color":"","overlay-opacity":"","overlay-gradient":""},"mobile":{"background-color":"","background-image":"","background-repeat":"repeat","background-position":"center center","background-size":"auto","background-attachment":"scroll","background-type":"","background-media":"","overlay-type":"","overlay-color":"","overlay-opacity":"","overlay-gradient":""}},"ast-content-background-meta":{"desktop":{"background-color":"var(--ast-global-color-4)","background-image":"","background-repeat":"repeat","background-position":"center center","background-size":"auto","background-attachment":"scroll","background-type":"","background-media":"","overlay-type":"","overlay-color":"","overlay-opacity":"","overlay-gradient":""},"tablet":{"background-color":"var(--ast-global-color-4)","background-image":"","background-repeat":"repeat","background-position":"center center","background-size":"auto","background-attachment":"scroll","background-type":"","background-media":"","overlay-type":"","overlay-color":"","overlay-opacity":"","overlay-gradient":""},"mobile":{"background-color":"var(--ast-global-color-4)","background-image":"","background-repeat":"repeat","background-position":"center center","background-size":"auto","background-attachment":"scroll","background-type":"","background-media":"","overlay-type":"","overlay-color":"","overlay-opacity":"","overlay-gradient":""}},"footnotes":""},"class_list":["post-26","page","type-page","status-publish","hentry"],"_links":{"self":[{"href":"https:\/\/www.bonheurdescoeurs.com\/index.php?rest_route=\/wp\/v2\/pages\/26","targetHints":{"allow":["GET"]}}],"collection":[{"href":"https:\/\/www.bonheurdescoeurs.com\/index.php?rest_route=\/wp\/v2\/pages"}],"about":[{"href":"https:\/\/www.bonheurdescoeurs.com\/index.php?rest_route=\/wp\/v2\/types\/page"}],"author":[{"embeddable":true,"href":"https:\/\/www.bonheurdescoeurs.com\/index.php?rest_route=\/wp\/v2\/users\/1"}],"replies":[{"embeddable":true,"href":"https:\/\/www.bonheurdescoeurs.com\/index.php?rest_route=%2Fwp%2Fv2%2Fcomments&post=26"}],"version-history":[{"count":106,"href":"https:\/\/www.bonheurdescoeurs.com\/index.php?rest_route=\/wp\/v2\/pages\/26\/revisions"}],"predecessor-version":[{"id":1106,"href":"https:\/\/www.bonheurdescoeurs.com\/index.php?rest_route=\/wp\/v2\/pages\/26\/revisions\/1106"}],"wp:attachment":[{"href":"https:\/\/www.bonheurdescoeurs.com\/index.php?rest_route=%2Fwp%2Fv2%2Fmedia&parent=26"}],"curies":[{"name":"wp","href":"https:\/\/api.w.org\/{rel}","templated":true}]}}